{"id":154,"date":"2023-08-15T15:56:31","date_gmt":"2023-08-15T15:56:31","guid":{"rendered":"https:\/\/cazescritora.com\/?page_id=154"},"modified":"2023-09-27T07:13:01","modified_gmt":"2023-09-27T07:13:01","slug":"libros","status":"publish","type":"page","link":"https:\/\/cazescritora.com\/?page_id=154","title":{"rendered":"Libros"},"content":{"rendered":"\n<div class=\"wp-block-group alignfull is-layout-constrained wp-block-group-is-layout-constrained\">\n<div class=\"wp-block-cover alignfull is-light is-style-default\" style=\"padding-top:0;padding-right:0;padding-bottom:0;padding-left:0;min-height:130px\"><span aria-hidden=\"true\" class=\"wp-block-cover__background has-background-background-color has-background-dim-30 has-background-dim\"><\/span><img decoding=\"async\" loading=\"lazy\" width=\"1500\" height=\"1001\" class=\"wp-block-cover__image-background wp-image-27\" alt=\"\" src=\"http:\/\/cazescritora.com\/wp-content\/uploads\/2023\/08\/cropped-pexels-tamanna-rumee-8753726-scaled-1.jpg\" data-object-fit=\"cover\" srcset=\"https:\/\/cazescritora.com\/wp-content\/uploads\/2023\/08\/cropped-pexels-tamanna-rumee-8753726-scaled-1.jpg 1500w, https:\/\/cazescritora.com\/wp-content\/uploads\/2023\/08\/cropped-pexels-tamanna-rumee-8753726-scaled-1-300x200.jpg 300w, https:\/\/cazescritora.com\/wp-content\/uploads\/2023\/08\/cropped-pexels-tamanna-rumee-8753726-scaled-1-1024x683.jpg 1024w, https:\/\/cazescritora.com\/wp-content\/uploads\/2023\/08\/cropped-pexels-tamanna-rumee-8753726-scaled-1-768x513.jpg 768w, https:\/\/cazescritora.com\/wp-content\/uploads\/2023\/08\/cropped-pexels-tamanna-rumee-8753726-scaled-1-600x400.jpg 600w\" sizes=\"(max-width: 1500px) 100vw, 1500px\" \/><div class=\"wp-block-cover__inner-container is-layout-flow wp-block-cover-is-layout-flow\">\n<div style=\"height:50px\" aria-hidden=\"true\" class=\"wp-block-spacer\"><\/div>\n<\/div><\/div>\n<\/div>\n\n\n\n<div class=\"wp-block-group alignwide has-background is-layout-constrained wp-container-12 wp-block-group-is-layout-constrained\" style=\"background-color:#f5d9cb36;padding-top:35px;padding-right:1.5rem;padding-bottom:38px;padding-left:1.5rem\">\n<div class=\"wp-block-columns is-layout-flex wp-container-6 wp-block-columns-is-layout-flex\" style=\"padding-top:0px;padding-right:0px;padding-bottom:0px;padding-left:0px\">\n<div class=\"wp-block-column is-vertically-aligned-center is-style-ona-negative-offset-right is-layout-flow wp-block-column-is-layout-flow\" style=\"border-style:none;border-width:0px;padding-top:var(--wp--preset--spacing--70);padding-right:var(--wp--preset--spacing--70);padding-bottom:var(--wp--preset--spacing--70);padding-left:var(--wp--preset--spacing--70);font-size:0rem;flex-basis:500px\">\n<div class=\"wp-block-group is-style-ona-shift-right has-background-background-color has-background is-layout-constrained wp-container-3 wp-block-group-is-layout-constrained\" style=\"border-style:none;border-width:0px;border-radius:28px;padding-top:7%;padding-right:7%;padding-bottom:7%;padding-left:7%;font-size:0px\">\n<p class=\"has-base-font-size\"><strong>Estaciones. Emociones<\/strong><\/p>\n\n\n\n<p class=\"has-text-regular-color has-text-color has-system-font-font-family has-small-font-size\" style=\"font-style:normal;font-weight:300;letter-spacing:0px;line-height:1.1\">Ella pens\u00f3 en voz alta: \u00bfTengo todo lo que quiero? O\u2026 \u00bfQuiero todo lo que tengo?<\/p>\n\n\n\n<p class=\"has-text-regular-color has-text-color has-system-font-font-family has-small-font-size\" style=\"font-style:normal;font-weight:300;letter-spacing:0px;line-height:1.1\">En realidad\u2026 no tengo nada, mi alma es libre, mi coraz\u00f3n no tiene doma y, en cuatro estaciones he aprendido que, de sexo, no s\u00e9 casi nada.<\/p>\n\n\n\n<p class=\"has-text-regular-color has-text-color has-system-font-font-family has-small-font-size\" style=\"font-style:normal;font-weight:300;letter-spacing:0px;line-height:1.1\">Para poder tener lo que quiero, primero tengo que saber qu\u00e9 puedo querer y, si no pruebo y experimento, no podr\u00e9 decidir. Por eso voy a aprender, sin inhibiciones, sin condicionantes. No voy a ser pol\u00edticamente correcta, voy a sentir, voy a dejarme llevar.<\/p>\n\n\n\n<p class=\"has-text-regular-color has-text-color has-system-font-font-family has-small-font-size\" style=\"font-style:normal;font-weight:300;letter-spacing:0px;line-height:1.1\">Puso la playlist de Spotify CAZ. \u201cEstaciones. Emociones\u201d y continu\u00f3 cantando y bailando. Oh, oh, oh quiero ser libre para sentirme como me siento\u2026 Man, I feel like A Woman\u2026<\/p>\n\n\n\n<figure class=\"wp-block-image alignright size-full is-resized\"><img decoding=\"async\" loading=\"lazy\" src=\"https:\/\/cazescritora.com\/wp-content\/uploads\/2023\/08\/CAZ.png\" alt=\"\" class=\"wp-image-167\" style=\"width:47px;height:20px\" width=\"47\" height=\"20\" srcset=\"https:\/\/cazescritora.com\/wp-content\/uploads\/2023\/08\/CAZ.png 550w, https:\/\/cazescritora.com\/wp-content\/uploads\/2023\/08\/CAZ-300x132.png 300w\" sizes=\"(max-width: 47px) 100vw, 47px\" \/><\/figure>\n\n\n\n<div style=\"height:0px\" aria-hidden=\"true\" class=\"wp-block-spacer\"><\/div>\n<\/div>\n<\/div>\n\n\n\n<div class=\"wp-block-column is-style-no-spacing is-layout-flow wp-block-column-is-layout-flow\">\n<div style=\"height:66px\" aria-hidden=\"true\" class=\"wp-block-spacer\"><\/div>\n\n\n\n<figure class=\"wp-block-image aligncenter size-large is-resized\"><a href=\"https:\/\/cazescritora.com\/?product=estaciones-emociones\"><img decoding=\"async\" loading=\"lazy\" src=\"http:\/\/cazescritora.com\/wp-content\/uploads\/2023\/08\/Amazon-KINDLE-ESTACIONES-EMOCIONES-scaled-e1692114232234-687x1024.jpg\" alt=\"\" class=\"wp-image-119\" style=\"width:228px;height:339px\" width=\"228\" height=\"339\"\/><\/a><\/figure>\n<\/div>\n<\/div>\n\n\n\n<div class=\"wp-block-group is-content-justification-right is-layout-constrained wp-container-11 wp-block-group-is-layout-constrained\">\n<div class=\"wp-block-group is-content-justification-right is-layout-constrained wp-container-10 wp-block-group-is-layout-constrained\">\n<div class=\"wp-block-group is-content-justification-right is-nowrap is-layout-flex wp-container-9 wp-block-group-is-layout-flex\"><div data-block-name=\"woocommerce\/single-product\" data-product-id=\"118\" class=\"woocommerce wp-block-woocommerce-single-product\">\n\t\t\t\t\n<div class=\"wp-block-woocommerce-single-product\">\n<div class=\"wp-block-columns is-layout-flex wp-container-8 wp-block-columns-is-layout-flex\">\n<div class=\"wp-block-column is-layout-flow wp-block-column-is-layout-flow\"><div data-block-name=\"woocommerce\/product-button\" data-width=\"100\" data-text-color=\"foreground\" data-font-size=\"small\" data-style=\"{&quot;spacing&quot;:{&quot;margin&quot;:{&quot;top&quot;:&quot;0&quot;,&quot;bottom&quot;:&quot;0&quot;,&quot;left&quot;:&quot;0&quot;,&quot;right&quot;:&quot;0&quot;}},&quot;elements&quot;:{&quot;link&quot;:{&quot;color&quot;:{&quot;text&quot;:&quot;var:preset|color|text-regular&quot;}}}}\" class=\"wp-block-button wc-block-components-product-button has-text-align- is-style-outline has-custom-width wp-block-button__width-100 wp-elements-06e88d672bdabc49d5f90a73e1e1d75f\">\n\t\t\t\t\t<button href=\"?add-to-cart=118\" class=\"wp-block-button__link wp-element-button wc-block-components-product-button__button add_to_cart_button ajax_add_to_cart product_type_simple has-font-size has-small-font-size has-text-align- has-text-color has-foreground-color\" style=\"color: var(--wp--preset--color--text-regular); margin-top:0;margin-bottom:0;margin-left:0;margin-right:0;\" data-product_id=\"118\" data-product_sku=\"estaciones-emociones\" aria-label=\"Add &ldquo;Estaciones. Emociones&rdquo; to your cart\" rel=\"nofollow\">Add to cart<\/button>\n\t\t\t\t<\/div><\/div>\n<\/div>\n<\/div>\n\n\t\t\t<\/div><\/div>\n<\/div>\n<\/div>\n<\/div>\n","protected":false},"excerpt":{"rendered":"<p>Estaciones. Emociones Ella pens\u00f3 en voz alta: \u00bfTengo todo lo que quiero? O\u2026 \u00bfQuiero todo lo que tengo? En realidad\u2026 no tengo nada, mi alma es libre, mi coraz\u00f3n no tiene doma y, en cuatro estaciones he aprendido que, de sexo, no s\u00e9 casi nada. Para poder tener lo que quiero, primero tengo que saber [&hellip;]<\/p>\n","protected":false},"author":1,"featured_media":0,"parent":0,"menu_order":0,"comment_status":"closed","ping_status":"closed","template":"page-header-footer-only","meta":{"_monsterinsights_skip_tracking":false,"_monsterinsights_sitenote_active":false,"_monsterinsights_sitenote_note":"","_monsterinsights_sitenote_category":0,"footnotes":""},"aioseo_notices":[],"_links":{"self":[{"href":"https:\/\/cazescritora.com\/index.php?rest_route=\/wp\/v2\/pages\/154"}],"collection":[{"href":"https:\/\/cazescritora.com\/index.php?rest_route=\/wp\/v2\/pages"}],"about":[{"href":"https:\/\/cazescritora.com\/index.php?rest_route=\/wp\/v2\/types\/page"}],"author":[{"embeddable":true,"href":"https:\/\/cazescritora.com\/index.php?rest_route=\/wp\/v2\/users\/1"}],"replies":[{"embeddable":true,"href":"https:\/\/cazescritora.com\/index.php?rest_route=%2Fwp%2Fv2%2Fcomments&post=154"}],"version-history":[{"count":31,"href":"https:\/\/cazescritora.com\/index.php?rest_route=\/wp\/v2\/pages\/154\/revisions"}],"predecessor-version":[{"id":250,"href":"https:\/\/cazescritora.com\/index.php?rest_route=\/wp\/v2\/pages\/154\/revisions\/250"}],"wp:attachment":[{"href":"https:\/\/cazescritora.com\/index.php?rest_route=%2Fwp%2Fv2%2Fmedia&parent=154"}],"curies":[{"name":"wp","href":"https:\/\/api.w.org\/{rel}","templated":true}]}}